{"id":4330,"date":"2026-04-06T15:07:11","date_gmt":"2026-04-06T15:07:11","guid":{"rendered":"https:\/\/www.lemieborsette.com\/?post_type=product&#038;p=4330"},"modified":"2026-04-06T15:14:03","modified_gmt":"2026-04-06T15:14:03","slug":"coco-cioccolato-copy","status":"publish","type":"product","link":"https:\/\/www.lemieborsette.com\/it\/prodotto\/coco-cioccolato-copy\/","title":{"rendered":"Coco avorio"},"content":{"rendered":"<p>Coco \u00e8 l&#8217;equilibrio tra carattere e semplicit\u00e0. Realizzata in morbido suede dale tonalit\u00e0 calde e naturali, \u00e8 una borsa per accompagnare ogni momento della giornata con eleganza spontanea. Le linee pulite e i volumi morbidi richiamano un&#8217;estetica senza tempo, mentre la lavorazione ad intreccio fatta a mano in vera pelle esalta l&#8217; artigianalit\u00e0 e la cura del dettaglio. Coco non segue le tendenze: le attraversa con sicurezza, proprio come la donna che le indossa. Essenziale, sofisticata, libera.    <\/p>\n","protected":false},"excerpt":{"rendered":"<p>Pelle scamosciata di alta qualit\u00e0<br \/>\nLavorazione intrecciata a fasce imbottite<br \/>\nTracolla rimovibile<br \/>\nColore: Avorio<\/p>\n","protected":false},"featured_media":4340,"template":"","meta":{"_acf_changed":false},"product_brand":[],"product_cat":[66],"product_tag":[],"class_list":{"0":"post-4330","1":"product","2":"type-product","3":"status-publish","4":"has-post-thumbnail","6":"product_cat-borse","8":"first","9":"instock","10":"taxable","11":"shipping-taxable","12":"purchasable","13":"product-type-simple"},"acf":[],"_links":{"self":[{"href":"https:\/\/www.lemieborsette.com\/it\/wp-json\/wp\/v2\/product\/4330","targetHints":{"allow":["GET"]}}],"collection":[{"href":"https:\/\/www.lemieborsette.com\/it\/wp-json\/wp\/v2\/product"}],"about":[{"href":"https:\/\/www.lemieborsette.com\/it\/wp-json\/wp\/v2\/types\/product"}],"wp:featuredmedia":[{"embeddable":true,"href":"https:\/\/www.lemieborsette.com\/it\/wp-json\/wp\/v2\/media\/4340"}],"wp:attachment":[{"href":"https:\/\/www.lemieborsette.com\/it\/wp-json\/wp\/v2\/media?parent=4330"}],"wp:term":[{"taxonomy":"product_brand","embeddable":true,"href":"https:\/\/www.lemieborsette.com\/it\/wp-json\/wp\/v2\/product_brand?post=4330"},{"taxonomy":"product_cat","embeddable":true,"href":"https:\/\/www.lemieborsette.com\/it\/wp-json\/wp\/v2\/product_cat?post=4330"},{"taxonomy":"product_tag","embeddable":true,"href":"https:\/\/www.lemieborsette.com\/it\/wp-json\/wp\/v2\/product_tag?post=4330"}],"curies":[{"name":"wp","href":"https:\/\/api.w.org\/{rel}","templated":true}]}}