{"id":4403,"date":"2026-04-07T20:40:17","date_gmt":"2026-04-07T20:40:17","guid":{"rendered":"https:\/\/www.lemieborsette.com\/?post_type=product&#038;p=4403"},"modified":"2026-04-07T21:13:52","modified_gmt":"2026-04-07T21:13:52","slug":"mia-nera","status":"publish","type":"product","link":"https:\/\/www.lemieborsette.com\/it\/prodotto\/mia-nera\/","title":{"rendered":"Mia Nera"},"content":{"rendered":"<p>Sofisticata, versatile e intramontabile: la borsa Mia in total black \u00e8 l&#8217;accessorio che celebra l&#8217;artigianato italiano nella sua forma pi\u00f9 pura ed elegante. Realizzata in vera pelle martellata di altissima qualit\u00e0, si distingue per la sua silhouette a trapezio, sobria e raffinata, perfetta per completare outfit sia casual che formali con un tocco di classe assoluta.<\/p>\n","protected":false},"excerpt":{"rendered":"<p>100% Vera Pelle Bovina (martellata).<br \/>\nColore: Nero \/ Black.<br \/>\nPortabilit\u00e0 A mano o a tracolla (tracolla interna rimovibile inclusa).<br \/>\nFiniture in metallo dorato lucido.<\/p>\n","protected":false},"featured_media":4411,"template":"","meta":{"_acf_changed":false},"product_brand":[],"product_cat":[66],"product_tag":[],"class_list":{"0":"post-4403","1":"product","2":"type-product","3":"status-publish","4":"has-post-thumbnail","6":"product_cat-borse","8":"first","9":"instock","10":"taxable","11":"shipping-taxable","12":"purchasable","13":"product-type-simple"},"acf":[],"_links":{"self":[{"href":"https:\/\/www.lemieborsette.com\/it\/wp-json\/wp\/v2\/product\/4403","targetHints":{"allow":["GET"]}}],"collection":[{"href":"https:\/\/www.lemieborsette.com\/it\/wp-json\/wp\/v2\/product"}],"about":[{"href":"https:\/\/www.lemieborsette.com\/it\/wp-json\/wp\/v2\/types\/product"}],"wp:featuredmedia":[{"embeddable":true,"href":"https:\/\/www.lemieborsette.com\/it\/wp-json\/wp\/v2\/media\/4411"}],"wp:attachment":[{"href":"https:\/\/www.lemieborsette.com\/it\/wp-json\/wp\/v2\/media?parent=4403"}],"wp:term":[{"taxonomy":"product_brand","embeddable":true,"href":"https:\/\/www.lemieborsette.com\/it\/wp-json\/wp\/v2\/product_brand?post=4403"},{"taxonomy":"product_cat","embeddable":true,"href":"https:\/\/www.lemieborsette.com\/it\/wp-json\/wp\/v2\/product_cat?post=4403"},{"taxonomy":"product_tag","embeddable":true,"href":"https:\/\/www.lemieborsette.com\/it\/wp-json\/wp\/v2\/product_tag?post=4403"}],"curies":[{"name":"wp","href":"https:\/\/api.w.org\/{rel}","templated":true}]}}